{"id":42,"date":"2019-11-19T11:48:08","date_gmt":"2019-11-19T10:48:08","guid":{"rendered":"http:\/\/www.victoria-mueller.de\/wp3\/?page_id=42"},"modified":"2020-03-01T12:54:39","modified_gmt":"2020-03-01T11:54:39","slug":"ueber-mich","status":"publish","type":"page","link":"https:\/\/www.victoria-mueller.de\/wp3\/ueber-mich\/","title":{"rendered":"G\u00e4stebuch"},"content":{"rendered":"\r\n<div class=\"gwolle-gb\"><div class=\"gwolle_gb_messages_top_container gwolle-gb-messages-top-container\"><\/div>\n\t\t\t<div class=\"gwolle-gb-write-button\">\n\t\t\t\t<input type=\"button\" name=\"gwolle-gb-write-button\" class=\"button btn btn-default \" value=\"Neuen Eintrag schreiben\" aria-expanded=\"false\" \/>\n\t\t\t<\/div>\n\t\t\t<form action=\"#\" method=\"POST\" class=\"gwolle-gb-write gwolle-gb-hide gwolle-gb-float gwolle_gb_form_ajax gwolle-gb-form-ajax gwolle-gb-ajax gwolle-gb-not-logged-in\">\n\t\t\t\t<h3>Einen neuen Eintrag f\u00fcr das G\u00e4stebuch schreiben<\/h3>\n\t\t\t\t<button type=\"button\" class=\"gb-notice-dismiss\">x<span class=\"screen-reader-text\">Dieses Formular ausblenden<\/span><\/button>\n\t\t\t\n\t\t\t\t<input type=\"hidden\" name=\"gwolle_gb_function\" class=\"gwolle_gb_function\" value=\"add_entry\" \/><input type=\"hidden\" name=\"gwolle_gb_book_id\" class=\"gwolle_gb_book_id\" value=\"1\" \/><div class=\"gwolle_gb_0c48386022960e251e82f9b9ecd9e435\">\n\t\t\t\t<div class=\"label\"><label for=\"gwolle_gb_0c48386022960e251e82f9b9ecd9e435-1\" class=\"text-info\">Name <span class=\"required\">*<\/span><\/label><\/div>\n\t\t\t\t<div class=\"input\"><input class=\"wp-exclude-emoji gwolle_gb_0c48386022960e251e82f9b9ecd9e435\" value=\"\" type=\"text\" id=\"gwolle_gb_0c48386022960e251e82f9b9ecd9e435-1\" name=\"gwolle_gb_0c48386022960e251e82f9b9ecd9e435\" required \/><\/div>\n\t\t\t\t<div class=\"clearBoth\">&nbsp;<\/div>\n\t\t\t<\/div><div class=\"gwolle_gb_b81b4b7bd2a83b28389b469e822c8dbf\">\n\t\t\t\t<div class=\"label\"><label for=\"gwolle_gb_b81b4b7bd2a83b28389b469e822c8dbf-1\" class=\"text-info\">E-Mail <span class=\"required\">*<\/span><\/label><\/div>\n\t\t\t\t<div class=\"input\"><input class=\"gwolle_gb_b81b4b7bd2a83b28389b469e822c8dbf\" value=\"\" type=\"email\" id=\"gwolle_gb_b81b4b7bd2a83b28389b469e822c8dbf-1\" name=\"gwolle_gb_b81b4b7bd2a83b28389b469e822c8dbf\" required \/><\/div>\n\t\t\t\t<div class=\"clearBoth\">&nbsp;<\/div>\n\t\t\t<\/div>\n\t\t\t<div class=\"gwolle_gb_92fb5087d707c4326254c8abc2f50946\" style=\"display:none;overflow:hidden;\" hidden=\"true\" aria-hidden=\"true\">\n\t\t\t\t<div class=\"label\">\n\t\t\t\t\t<label for=\"gwolle_gb_92fb5087d707c4326254c8abc2f50946-1\" class=\"text-primary\">Hier nichts eingeben<\/label>\n\t\t\t\t\t<label for=\"gwolle_gb_d43e7ad7e2d878190db322d52c5c43db-1\" class=\"text-primary\">Hier nichts eingeben<\/label>\n\t\t\t\t<\/div>\n\t\t\t\t<div class=\"input\">\n\t\t\t\t\t<input value=\"28\" type=\"text\" id=\"gwolle_gb_92fb5087d707c4326254c8abc2f50946-1\" name=\"gwolle_gb_92fb5087d707c4326254c8abc2f50946\" class=\"gwolle_gb_92fb5087d707c4326254c8abc2f50946\" style=\"transform: translateY(10000px);\" \/>\n\t\t\t\t\t<input value=\"\" type=\"text\" name=\"gwolle_gb_d43e7ad7e2d878190db322d52c5c43db\" id=\"gwolle_gb_d43e7ad7e2d878190db322d52c5c43db-1\" class=\"gwolle_gb_d43e7ad7e2d878190db322d52c5c43db\" style=\"transform: translateY(10000px);\" \/>\n\t\t\t\t<\/div>\n\t\t\t\t<div class=\"clearBoth\"><\/div>\n\t\t\t<\/div>\n\t\t\t<div class=\"gwolle_gb_9f9e2a5a9ba9b82efd5a53e21321f13e\" style=\"display:none;overflow:hidden;\" hidden=\"true\" aria-hidden=\"true\">\n\t\t\t\t<div class=\"label\">\n\t\t\t\t\t<label for=\"gwolle_gb_9f9e2a5a9ba9b82efd5a53e21321f13e-1\" class=\"text-primary\">Hier nichts eingeben<\/label>\n\t\t\t\t\t<label for=\"gwolle_gb_3419781b369873e72b5e0d76971f5d6a-1\" class=\"text-primary\">Hier nichts eingeben<\/label>\n\t\t\t\t<\/div>\n\t\t\t\t<div class=\"input\">\n\t\t\t\t\t<input value=\"80327\" type=\"text\" id=\"gwolle_gb_9f9e2a5a9ba9b82efd5a53e21321f13e-1\" name=\"gwolle_gb_9f9e2a5a9ba9b82efd5a53e21321f13e\" class=\"gwolle_gb_9f9e2a5a9ba9b82efd5a53e21321f13e\" style=\"transform: translateY(10000px);\" \/>\n\t\t\t\t\t<input value=\"80327\" type=\"text\"id=\"gwolle_gb_3419781b369873e72b5e0d76971f5d6a-1\" name=\"gwolle_gb_3419781b369873e72b5e0d76971f5d6a\" class=\"gwolle_gb_3419781b369873e72b5e0d76971f5d6a\" style=\"transform: translateY(10000px);\" \/>\n\t\t\t\t<\/div>\n\t\t\t\t<div class=\"clearBoth\"><\/div>\n\t\t\t<\/div><div class=\"gwolle_gb_content\">\n\t\t\t\t<div class=\"label\"><label for=\"gwolle_gb_content-1\" class=\"text-info\">G\u00e4stebucheintrag <span class=\"required\">*<\/span><\/label><\/div>\n\t\t\t\t<div class=\"input\"><textarea id=\"gwolle_gb_content-1\" name=\"gwolle_gb_content\" class=\"gwolle_gb_content wp-exclude-emoji\" required ><\/textarea><\/div>\n\t\t\t\t\t<div class=\"clearBoth\">&nbsp;<\/div>\n\t\t\t\t<\/div><input type=\"hidden\" class=\"gwolle_gb_dbf0edcc15bbf6e876195712908f4036\" id=\"gwolle_gb_dbf0edcc15bbf6e876195712908f4036-1\" name=\"gwolle_gb_dbf0edcc15bbf6e876195712908f4036\" value=\"a917bc840d\" \/>\n\t\t\t<div class=\"gwolle_gb_messages_bottom_container gwolle-gb-messages-bottom-container\"><\/div>\n\n\t\t\t<noscript><div class=\"no-js\">Warnung: Dieses Formular kann nur verwendet werden, wenn in deinem Browser JavaScript aktiviert ist.<\/div><\/noscript>\n\n\t\t\t<div class=\"gwolle_gb_submit\">\n\t\t\t\t<div class=\"label gwolle-gb-invisible text-muted\">&nbsp;<\/div>\n\t\t\t\t<div class=\"input\">\n\t\t\t\t\t<input type=\"submit\" name=\"gwolle_gb_submit\" class=\"gwolle_gb_submit button btn btn-primary \" value=\"Absenden\" \/>\n\t\t\t\t\t<span class=\"gwolle_gb_submit_ajax_icon\"><\/span>\n\t\t\t\n\t\t\t\t<\/div>\n\t\t\t\t<div class=\"clearBoth\">&nbsp;<\/div>\n\t\t\t<\/div>\n\n\t\t\t<div class=\"gwolle_gb_notice\">\n\t\t\t\tMit * gekennzeichnete Felder sind erforderlich.<br \/>\r\nDeine E-Mail-Adresse wird nicht ver\u00f6ffentlicht.<br \/>\r\nEs ist m\u00f6glich, dass dein Eintrag im G\u00e4stebuch erst sichtbar ist, nachdem wir ihn \u00fcberpr\u00fcft haben.<br \/>\r\nWir behalten uns vor, Eintr\u00e4ge zu bearbeiten, zu l\u00f6schen oder nicht zu ver\u00f6ffentlichen.\n\t\t\t<\/div><\/form><div class=\"gwolle-gb-read gwolle-gb-ajax gwolle-gb-entries-list gwolle_gb_infinite gwolle-gb-infinite\" data-book_id=\"1\" data-page_id=\"1\">\n\t\t<div id=\"gwolle-gb-total\" class=\"gwolle-gb-total\">24 Eintr\u00e4ge<\/div><!-- Gwolle-GB Entry: Default Template Loaded -->\n\t\t\t\t<div class=\"gb-entry gb-entry_24 gb-entry-count_1 gwolle_gb_uneven gwolle-gb-uneven gwolle-gb-first\" id=\"gb-entry_24\" data-entry_id=\"24\">\n\t\t\t\t<article>\n\t\t\t\t\t<div class=\"gb-author-info\">\n\t\t\t\t\t\t<span class=\"gb-author-name\">Jana\n\t\t\t\t\t\t<\/span>\n\t\t\t\t\t<\/div>\n\t\t\t\t\t<div class=\"gb-entry-content\">Ich habe Victoria am vergangenen Sonntag in der Kirche in Bad Nenndorf zum ersten Mal singen geh\u00f6rt. Es war ein so toller Auftritt! Eine wundervolle Stimme, die den ganzen Raum erf\u00fcllt hat und sicherlich bei jedem einzelnen der G\u00e4ste ein besonderes Gef\u00fchl hinterlassen hat. F\u00fcr mich war es auf jeden Fall so, danke daf\u00fcr!\n\t\t\t\t\t<\/div>\n\t\t\t\t<\/article>\n\t\t\t<\/div>\n\t\t\t<div class=\"gb-entry gb-entry_23 gb-entry-count_2 gwolle_gb_even gwolle-gb-even\" id=\"gb-entry_23\" data-entry_id=\"23\">\n\t\t\t\t<article>\n\t\t\t\t\t<div class=\"gb-author-info\">\n\t\t\t\t\t\t<span class=\"gb-author-name\">Stefanie Hilpert\n\t\t\t\t\t\t<\/span>\n\t\t\t\t\t<\/div>\n\t\t\t\t\t<div class=\"gb-entry-content\">Herzlichen Dank f\u00fcr den wunderbaren Gesang in der Kirche anl\u00e4sslich unserer Silbernen Konfirmation. Ich hatte G\u00e4nsehaut und w\u00fcrde Sie jederzeit f\u00fcr eine private oder \u00f6ffentliche Feier weiterempfehlen. Zudem habe ich -als Musical-Fan - gro\u00dfe Lust bekommen, Ihre n\u00e4chsten Auff\u00fchrungen zu besuchen. Sie haben eine unglaubliche Ausstrahlung!\n\t\t\t\t\t<\/div>\n\t\t\t\t<\/article>\n\t\t\t<\/div>\n\t\t\t<div class=\"gb-entry gb-entry_22 gb-entry-count_3 gwolle_gb_uneven gwolle-gb-uneven\" id=\"gb-entry_22\" data-entry_id=\"22\">\n\t\t\t\t<article>\n\t\t\t\t\t<div class=\"gb-author-info\">\n\t\t\t\t\t\t<span class=\"gb-author-name\">Detlef Liess\n\t\t\t\t\t\t<\/span>\n\t\t\t\t\t<\/div>\n\t\t\t\t\t<div class=\"gb-entry-content\">Liebe Victoria,<br \/>\nvielen Dank f\u00fcr deinen gro\u00dfartigen Auftritt bei unserer silbernen Konfirmation.<br \/>\nGru\u00df Detlef\n\t\t\t\t\t<\/div>\n\t\t\t\t<\/article>\n\t\t\t<\/div>\n\t\t\t<div class=\"gb-entry gb-entry_21 gb-entry-count_4 gwolle_gb_even gwolle-gb-even\" id=\"gb-entry_21\" data-entry_id=\"21\">\n\t\t\t\t<article>\n\t\t\t\t\t<div class=\"gb-author-info\">\n\t\t\t\t\t\t<span class=\"gb-author-name\">Julia Breier\n\t\t\t\t\t\t<\/span>\n\t\t\t\t\t<\/div>\n\t\t\t\t\t<div class=\"gb-entry-content\">Danke das du trotz dieser Zeit \u00fcber die Kamera bzw. \u00fcber den Display leider nur, mit dabei warst.an unserem besonderen Tag !<br \/>\nDie Lieder werden wir nie vergessen.<br \/>\nOhne dich w\u00e4re es nicht das gleiche gewesen.\n\t\t\t\t\t<\/div>\n\t\t\t\t<\/article>\n\t\t\t<\/div>\n\t\t\t<div class=\"gb-entry gb-entry_20 gb-entry-count_5 gwolle_gb_uneven gwolle-gb-uneven\" id=\"gb-entry_20\" data-entry_id=\"20\">\n\t\t\t\t<article>\n\t\t\t\t\t<div class=\"gb-author-info\">\n\t\t\t\t\t\t<span class=\"gb-author-name\"><i class=\"gb-moderator\">Ulrike T.<\/i>\n\t\t\t\t\t\t<\/span>\n\t\t\t\t\t<\/div>\n\t\t\t\t\t<div class=\"gb-entry-content\">Liebe Victoria, ich bin traurig dar\u00fcber das ich dich diesesmal ob in Hannover oder auch in Hamburg nicht als Anaconda in dem St\u00fcck Falco be\u00e4ugen konnte. Du warst das beste f\u00fcr mich am ganzen St\u00fcck! Vielleicht sieht man dich ja n\u00e4chstes Jahr falls ihr wieder kommt ? Ich w\u00fcrde mich freue. Ulrike T.\n\t\t\t\t\t<\/div>\n\t\t\t\t<\/article>\n\t\t\t<\/div>\n\t\t\t<div class=\"gb-entry gb-entry_19 gb-entry-count_6 gwolle_gb_even gwolle-gb-even\" id=\"gb-entry_19\" data-entry_id=\"19\">\n\t\t\t\t<article>\n\t\t\t\t\t<div class=\"gb-author-info\">\n\t\t\t\t\t\t<span class=\"gb-author-name\"><i class=\"gb-moderator\">Dirk<\/i>\n\t\t\t\t\t\t<\/span>\n\t\t\t\t\t<\/div>\n\t\t\t\t\t<div class=\"gb-entry-content\">Liebe Frau M\u00fcller, wir waren gestern in Non(n)sens und es hat uns allen gro\u00dfartig gefallen. Ich habe das St\u00fcck bereits im West End und im Neuen Theater (vor sehr langer Zeit) gesehen, aber diese Inszenierung hat mir am besten gefallen. Ihnen pers\u00f6nlich ganz viel Erfolg f\u00fcr die Zukunft! PS: Es gab viel zu lachen ...:-)\n\t\t\t\t\t<\/div>\n\t\t\t\t<\/article>\n\t\t\t<\/div>\n\t\t\t<div class=\"gb-entry gb-entry_18 gb-entry-count_7 gwolle_gb_uneven gwolle-gb-uneven\" id=\"gb-entry_18\" data-entry_id=\"18\">\n\t\t\t\t<article>\n\t\t\t\t\t<div class=\"gb-author-info\">\n\t\t\t\t\t\t<span class=\"gb-author-name\"><i class=\"gb-moderator\">Alex Dreier<\/i>\n\t\t\t\t\t\t<\/span>\n\t\t\t\t\t<\/div>\n\t\t\t\t\t<div class=\"gb-entry-content\">Liebe Frau Victoria M\u00fcller. Ich wollte ihnen nochmal meine Anerkennung kund tun. Als sie bei uns in Braunschweig in -Hairspray- zu sehen waren, hat mich das begeistert und mir wieder die Freude an Musicals zur\u00fcck gegeben. Denn solch eine Leistung die auf der einen Seite so nat\u00fcrlich und real ist und auf der anderen Seite soviel WUMPSSSS hat, habe ich selten gesehen\n\t\t\t\t\t<\/div>\n\t\t\t\t<\/article>\n\t\t\t<\/div>\n\t\t\t<div class=\"gb-entry gb-entry_17 gb-entry-count_8 gwolle_gb_even gwolle-gb-even\" id=\"gb-entry_17\" data-entry_id=\"17\">\n\t\t\t\t<article>\n\t\t\t\t\t<div class=\"gb-author-info\">\n\t\t\t\t\t\t<span class=\"gb-author-name\"><i class=\"gb-moderator\">Maik<\/i>\n\t\t\t\t\t\t<\/span>\n\t\t\t\t\t<\/div>\n\t\t\t\t\t<div class=\"gb-entry-content\">Deine Glanz - Leistung war gestern Weltklasse\n\t\t\t\t\t<\/div>\n\t\t\t\t<\/article>\n\t\t\t<\/div>\n\t\t\t<div class=\"gb-entry gb-entry_16 gb-entry-count_9 gwolle_gb_uneven gwolle-gb-uneven\" id=\"gb-entry_16\" data-entry_id=\"16\">\n\t\t\t\t<article>\n\t\t\t\t\t<div class=\"gb-author-info\">\n\t\t\t\t\t\t<span class=\"gb-author-name\"><i class=\"gb-moderator\">J.Sch\u00fcrnemeyer<\/i>\n\t\t\t\t\t\t<\/span>\n\t\t\t\t\t<\/div>\n\t\t\t\t\t<div class=\"gb-entry-content\">Es ist wirklich nicht schwer sich privat in dich zu verlieben, da du ein so toller Mensch bist. Ehrlich, verbindlich, viel Herz, aufmerksam und einem so ein besonderes Gef\u00fchl gibst. Und auf der B\u00fchne strahlt du alles sch\u00f6ne aus dir heraus. Das ist mehr als wunderbar anzusehen! Selbst der kleinste Auftritt, wird von dir immer ein grosser sein! Wenn es nach mir ginge h\u00e4ttest du ein ONE WOMAN SHOW \ud83d\ude42 und mehr br\u00e4uchte ich nicht!\n\t\t\t\t\t<\/div>\n\t\t\t\t<\/article>\n\t\t\t<\/div>\n\t\t\t<div class=\"gb-entry gb-entry_15 gb-entry-count_10 gwolle_gb_even gwolle-gb-even\" id=\"gb-entry_15\" data-entry_id=\"15\">\n\t\t\t\t<article>\n\t\t\t\t\t<div class=\"gb-author-info\">\n\t\t\t\t\t\t<span class=\"gb-author-name\"><i class=\"gb-moderator\">L.Hagemann<\/i>\n\t\t\t\t\t\t<\/span>\n\t\t\t\t\t<\/div>\n\t\t\t\t\t<div class=\"gb-entry-content\">Vielen lieben Dank f\u00fcr alles. Es hat uns allen ganz toll gefallen. Unsere Hochzeitsgesellschaft war total begeistert von dir \ud83d\ude42 Und am meisten mein Mann und ich.Vielen Dank das du die Lieder in so kurzer Zeit ge\u00fcbt hast und sie mit soviel Gef\u00fchl und Ausdruck r\u00fcber gebracht hast. Wir waren total ger\u00fchrt.\n\t\t\t\t\t<\/div>\n\t\t\t\t<\/article>\n\t\t\t<\/div>\n\t\t\t<div class=\"gb-entry gb-entry_14 gb-entry-count_11 gwolle_gb_uneven gwolle-gb-uneven\" id=\"gb-entry_14\" data-entry_id=\"14\">\n\t\t\t\t<article>\n\t\t\t\t\t<div class=\"gb-author-info\">\n\t\t\t\t\t\t<span class=\"gb-author-name\"><i class=\"gb-moderator\">Micha<\/i>\n\t\t\t\t\t\t<\/span>\n\t\t\t\t\t<\/div>\n\t\t\t\t\t<div class=\"gb-entry-content\">Es tat gut dich wiederzusehen Sch\u00f6n deine positive Ausstrahlung und Einstellung zu sehen.\n\t\t\t\t\t<\/div>\n\t\t\t\t<\/article>\n\t\t\t<\/div>\n\t\t\t<div class=\"gb-entry gb-entry_13 gb-entry-count_12 gwolle_gb_even gwolle-gb-even\" id=\"gb-entry_13\" data-entry_id=\"13\">\n\t\t\t\t<article>\n\t\t\t\t\t<div class=\"gb-author-info\">\n\t\t\t\t\t\t<span class=\"gb-author-name\"><i class=\"gb-moderator\">Lea Luisa Martin<\/i>\n\t\t\t\t\t\t<\/span>\n\t\t\t\t\t<\/div>\n\t\t\t\t\t<div class=\"gb-entry-content\">Einfach -DANKE- nochMAL, nochMAL und nochMAL Freudig bleibe ich in Gedanken daran\n\t\t\t\t\t<\/div>\n\t\t\t\t<\/article>\n\t\t\t<\/div>\n\t\t\t<div class=\"gb-entry gb-entry_12 gb-entry-count_13 gwolle_gb_uneven gwolle-gb-uneven\" id=\"gb-entry_12\" data-entry_id=\"12\">\n\t\t\t\t<article>\n\t\t\t\t\t<div class=\"gb-author-info\">\n\t\t\t\t\t\t<span class=\"gb-author-name\"><i class=\"gb-moderator\">Herbert M.<\/i>\n\t\t\t\t\t\t<\/span>\n\t\t\t\t\t<\/div>\n\t\t\t\t\t<div class=\"gb-entry-content\">Vielen Dank f\u00fcr die grandiose Premiere gestern in Stuttgart im Alten Schauspielhaus!!! Es war eine Freude sie zu sehen! Und danke f\u00fcr das Autogramm. Bis zum n\u00e4chsten mal. Liebe Gr\u00fc\u00dfe\n\t\t\t\t\t<\/div>\n\t\t\t\t<\/article>\n\t\t\t<\/div>\n\t\t\t<div class=\"gb-entry gb-entry_11 gb-entry-count_14 gwolle_gb_even gwolle-gb-even\" id=\"gb-entry_11\" data-entry_id=\"11\">\n\t\t\t\t<article>\n\t\t\t\t\t<div class=\"gb-author-info\">\n\t\t\t\t\t\t<span class=\"gb-author-name\"><i class=\"gb-moderator\">Thomas Fulzer<\/i>\n\t\t\t\t\t\t<\/span>\n\t\t\t\t\t<\/div>\n\t\t\t\t\t<div class=\"gb-entry-content\">Vielen Dank liebe Victoria f\u00fcr eine erneute, brilliante Saison von dir in Bad Vilbel! Ich und meine Familie+Freunde und Bekannte hatten wieder mal eine Menge Spa\u00df und riesige Freude daran, dich auf der B\u00fchne zu sehen und zu h\u00f6ren. Was ich noch immer sehr bedauere (da wir die Proben ja nun in ganz Bad Vilbel mitbekommen haben ) das dein wunderbares Lied -Respect- dann doch nicht vor kam. Das war der Hammer dieser Song ! Wenigstens durften wir ihn in der Probenzeit genie\u00dfen. Wir w\u00fcrden uns freuen wenn wir dich n\u00e4chstes Jahr wieder hier sehen k\u00f6nnte, halte uns auf dem Laufenden... Ganz liebe GR\u00dcSSE !!!!!\n\t\t\t\t\t<\/div>\n\t\t\t\t<\/article>\n\t\t\t<\/div>\n\t\t\t<div class=\"gb-entry gb-entry_10 gb-entry-count_15 gwolle_gb_uneven gwolle-gb-uneven\" id=\"gb-entry_10\" data-entry_id=\"10\">\n\t\t\t\t<article>\n\t\t\t\t\t<div class=\"gb-author-info\">\n\t\t\t\t\t\t<span class=\"gb-author-name\"><i class=\"gb-moderator\">Wolfgang H.<\/i>\n\t\t\t\t\t\t<\/span>\n\t\t\t\t\t<\/div>\n\t\t\t\t\t<div class=\"gb-entry-content\">Vielen Dank liebe Victoria f\u00fcr die tolle Show letztens und dein Autogramm. Dein Schauspiel und dein Gesang habe wir sehr geno\u00dfen.\n\t\t\t\t\t<\/div>\n\t\t\t\t<\/article>\n\t\t\t<\/div>\n\t\t\t<div class=\"gb-entry gb-entry_9 gb-entry-count_16 gwolle_gb_even gwolle-gb-even\" id=\"gb-entry_9\" data-entry_id=\"9\">\n\t\t\t\t<article>\n\t\t\t\t\t<div class=\"gb-author-info\">\n\t\t\t\t\t\t<span class=\"gb-author-name\"><i class=\"gb-moderator\">Herr Maier<\/i>\n\t\t\t\t\t\t<\/span>\n\t\t\t\t\t<\/div>\n\t\t\t\t\t<div class=\"gb-entry-content\">Sehr geehrte Frau M\u00fcller, mit gro\u00dfer Freude habe ich ihren Namen auf der Darstellerliste f\u00fcr dieses Saison in Bad Vilbel bei den Burgfestspielen entdeckt. Ich bin sehr froh das sie wieder dabei sind und ich die M\u00f6glichkeit bekommen, sie auch dieses Jahr f\u00fcr ihr Talent und ihre Ausstrahlung zu bestaunen. Sie sind eine Bereicherung f\u00fcr die Burgfestspiele! Ich lasse ihnen liebe Gr\u00fc\u00dfe da und freue mich schon auf die zwei St\u00fccke mit ihnen !\n\t\t\t\t\t<\/div>\n\t\t\t\t<\/article>\n\t\t\t<\/div>\n\t\t\t<div class=\"gb-entry gb-entry_8 gb-entry-count_17 gwolle_gb_uneven gwolle-gb-uneven\" id=\"gb-entry_8\" data-entry_id=\"8\">\n\t\t\t\t<article>\n\t\t\t\t\t<div class=\"gb-author-info\">\n\t\t\t\t\t\t<span class=\"gb-author-name\"><i class=\"gb-moderator\">Rene Heller<\/i>\n\t\t\t\t\t\t<\/span>\n\t\t\t\t\t<\/div>\n\t\t\t\t\t<div class=\"gb-entry-content\">Hey Hey !! Vielen Dank das ich dich im Dschungelbuch (als Ellie und die W\u00f6lfin) und in Hair (als Dionne) auf der Burg in Bad Vilbel sehen konnte. Soviele verschiedene Rollen in kurzer Zeit und dann so \u00fcberzeugend und gut zu singen und zu spielen ist f\u00fcr mich bewundernswert ! In der n\u00e4chsten Show sitze ich wieder VORNE an und freue mich. Vielen Dank! Rene\n\t\t\t\t\t<\/div>\n\t\t\t\t<\/article>\n\t\t\t<\/div>\n\t\t\t<div class=\"gb-entry gb-entry_7 gb-entry-count_18 gwolle_gb_even gwolle-gb-even\" id=\"gb-entry_7\" data-entry_id=\"7\">\n\t\t\t\t<article>\n\t\t\t\t\t<div class=\"gb-author-info\">\n\t\t\t\t\t\t<span class=\"gb-author-name\"><i class=\"gb-moderator\">Johannes Schecklmann<\/i>\n\t\t\t\t\t\t<\/span>\n\t\t\t\t\t<\/div>\n\t\t\t\t\t<div class=\"gb-entry-content\">Hallo Victoria, danke f\u00fcr die w\u00e4rme die du einen gibst mit deinem Auftreten auf der B\u00fchne. Man merkt jedes mal was du f\u00fcr eine positive Energie ausstrahlst wenn du da oben stehst und alle Augen auf dich gerichtet sind. Behalt das definitiv bei, nicht nur auf der B\u00fchne sondern auch im echten Leben. Du gibst jeden der dich sieht mit deinen L\u00e4cheln richtig viel Kraft und das kann nicht jeder, es gibt n\u00e4mlich nicht mehr so viele Menschen wie dich. Mir hat es vor allem gefallen wie du die Dinge mit solch einer Leichtigkeit anpackst und ne riesige Lebensfreude ausstrahlst, das spiegelt sich auch total in deinen St\u00fccken wieder. Bleib einfach nur so wie du bist und ich w\u00fcnsch dir mega viel Gl\u00fcck f\u00fcr deine zuk\u00fcnftigen St\u00fccke und freu mich jetzt schon darauf, mal wieder eines zu sehen. Du bist der absolute WAHNSINN!!!\n\t\t\t\t\t<\/div>\n\t\t\t\t<\/article>\n\t\t\t<\/div>\n\t\t\t<div class=\"gb-entry gb-entry_6 gb-entry-count_19 gwolle_gb_uneven gwolle-gb-uneven\" id=\"gb-entry_6\" data-entry_id=\"6\">\n\t\t\t\t<article>\n\t\t\t\t\t<div class=\"gb-author-info\">\n\t\t\t\t\t\t<span class=\"gb-author-name\"><i class=\"gb-moderator\">Tim (8Jahre) bin ich gestern geworden<\/i>\n\t\t\t\t\t\t<\/span>\n\t\t\t\t\t<\/div>\n\t\t\t\t\t<div class=\"gb-entry-content\">Danke Victoria das du mir eine so grosse Freude gemacht hast mit deinem Schauspiel und das ich mit dir reden konnte! Danke !!!\n\t\t\t\t\t<\/div>\n\t\t\t\t<\/article>\n\t\t\t<\/div>\n\t\t\t<div class=\"gb-entry gb-entry_4 gb-entry-count_20 gwolle_gb_even gwolle-gb-even\" id=\"gb-entry_4\" data-entry_id=\"4\">\n\t\t\t\t<article>\n\t\t\t\t\t<div class=\"gb-author-info\">\n\t\t\t\t\t\t<span class=\"gb-author-name\"><i class=\"gb-moderator\">Helmi Meyer<\/i>\n\t\t\t\t\t\t<\/span>\n\t\t\t\t\t<\/div>\n\t\t\t\t\t<div class=\"gb-entry-content\">Vielen Dank f\u00fcr die tolle 70iger Jahre Show in der Volksbank-Arena. DU hast gerockt!Es macht Spass dir zu zusehen! Danke!! Und auch f\u00fcr den Hinweis f\u00fcr mich;)! Lieben Gruss\n\t\t\t\t\t<\/div>\n\t\t\t\t<\/article>\n\t\t\t<\/div>\n\t\t\t<\/div><\/div>\r\n\r\n\r\n","protected":false},"excerpt":{"rendered":"","protected":false},"author":1,"featured_media":0,"parent":0,"menu_order":0,"comment_status":"closed","ping_status":"closed","template":"page-templates\/full-width.php","meta":[],"_links":{"self":[{"href":"https:\/\/www.victoria-mueller.de\/wp3\/wp-json\/wp\/v2\/pages\/42"}],"collection":[{"href":"https:\/\/www.victoria-mueller.de\/wp3\/wp-json\/wp\/v2\/pages"}],"about":[{"href":"https:\/\/www.victoria-mueller.de\/wp3\/wp-json\/wp\/v2\/types\/page"}],"author":[{"embeddable":true,"href":"https:\/\/www.victoria-mueller.de\/wp3\/wp-json\/wp\/v2\/users\/1"}],"replies":[{"embeddable":true,"href":"https:\/\/www.victoria-mueller.de\/wp3\/wp-json\/wp\/v2\/comments?post=42"}],"version-history":[{"count":7,"href":"https:\/\/www.victoria-mueller.de\/wp3\/wp-json\/wp\/v2\/pages\/42\/revisions"}],"predecessor-version":[{"id":344,"href":"https:\/\/www.victoria-mueller.de\/wp3\/wp-json\/wp\/v2\/pages\/42\/revisions\/344"}],"wp:attachment":[{"href":"https:\/\/www.victoria-mueller.de\/wp3\/wp-json\/wp\/v2\/media?parent=42"}],"curies":[{"name":"wp","href":"https:\/\/api.w.org\/{rel}","templated":true}]}}