{"id":78,"date":"2019-11-19T15:43:15","date_gmt":"2019-11-19T14:43:15","guid":{"rendered":"http:\/\/www.victoria-mueller.de\/wp3\/?page_id=78"},"modified":"2020-03-01T12:41:30","modified_gmt":"2020-03-01T11:41:30","slug":"galerie","status":"publish","type":"page","link":"https:\/\/www.victoria-mueller.de\/wp3\/galerie\/","title":{"rendered":"Galerie"},"content":{"rendered":"<p><strong>B\u00fchnenbilder<\/strong><\/p>\n<p>Einblick in meine Arbeit &#8222;auf&#8220; und &#8222;hinter&#8220; der B\u00fchne. Bei meiner Arbeit gehen Schauspiel, Gesang und B\u00fchnenpr\u00e4senz Hand in Hand. Egal, ob auf der B\u00fchne von Kreuzfahrtschiffen, im Kindertheater oder auf gro\u00dfer B\u00fchne &#8211; Gro\u00df und Klein lassen sich von mir begeistern!<\/p>\n<div id=\"metaslider-id-113\" style=\"width: 100%; margin: 0 auto;\" class=\"ml-slider-3-104-0 metaslider metaslider-flex metaslider-113 ml-slider has-dots-nav ms-theme-blend\" role=\"region\" aria-label=\"Galerie1\" data-height=\"900\" data-width=\"1200\">\n    <div id=\"metaslider_container_113\">\n        <div id=\"metaslider_113\">\n            <ul class='slides'>\n                <li style=\"display: block; width: 100%;\" class=\"slide-213 ms-image \" aria-roledescription=\"slide\" data-date=\"2019-11-22 19:14:42\" data-filename=\"h13-0291-1200x900.jpg\" data-slide-type=\"image\"><img src=\"https:\/\/www.victoria-mueller.de\/wp3\/wp-content\/uploads\/2019\/11\/h13-0291-1200x900.jpg\" height=\"900\" width=\"1200\" alt=\"\" class=\"slider-113 slide-213 msDefaultImage\" title=\"h13-0291\" \/><\/li>\n                <li style=\"display: none; width: 100%;\" class=\"slide-214 ms-image \" aria-roledescription=\"slide\" data-date=\"2019-11-22 19:14:42\" data-filename=\"loriot81-1066x800.jpg\" data-slide-type=\"image\"><img src=\"https:\/\/www.victoria-mueller.de\/wp3\/wp-content\/uploads\/2019\/11\/loriot81-1066x800.jpg\" height=\"900\" width=\"1200\" alt=\"\" class=\"slider-113 slide-214 msDefaultImage\" title=\"loriot81\" \/><\/li>\n                <li style=\"display: none; width: 100%;\" class=\"slide-216 ms-image \" aria-roledescription=\"slide\" data-date=\"2019-11-22 19:14:42\" data-filename=\"h13-0003-1200x900.jpg\" data-slide-type=\"image\"><img src=\"https:\/\/www.victoria-mueller.de\/wp3\/wp-content\/uploads\/2019\/11\/h13-0003-1200x900.jpg\" height=\"900\" width=\"1200\" alt=\"\" class=\"slider-113 slide-216 msDefaultImage\" title=\"h13-0003\" \/><\/li>\n                <li style=\"display: none; width: 100%;\" class=\"slide-217 ms-image \" aria-roledescription=\"slide\" data-date=\"2019-11-22 19:14:42\" data-filename=\"378-scaled-1200x900.jpg\" data-slide-type=\"image\"><img src=\"https:\/\/www.victoria-mueller.de\/wp3\/wp-content\/uploads\/2019\/11\/378-scaled-1200x900.jpg\" height=\"900\" width=\"1200\" alt=\"\" class=\"slider-113 slide-217 msDefaultImage\" title=\"378\" \/><\/li>\n                <li style=\"display: none; width: 100%;\" class=\"slide-326 ms-image \" aria-roledescription=\"slide\" data-date=\"2019-12-29 21:49:08\" data-filename=\"victoria-0045-1200x900.jpg\" data-slide-type=\"image\"><img src=\"https:\/\/www.victoria-mueller.de\/wp3\/wp-content\/uploads\/2019\/11\/victoria-0045-1200x900.jpg\" height=\"900\" width=\"1200\" alt=\"\" class=\"slider-113 slide-326 msDefaultImage\" title=\"victoria-0045\" \/><div class=\"caption-wrap\"><div class=\"caption\"> by Steffen D\u00fcvel (www.steffenduevel.de) <\/div><\/div><\/li>\n                <li style=\"display: none; width: 100%;\" class=\"slide-328 ms-image \" aria-roledescription=\"slide\" data-date=\"2019-12-29 21:52:09\" data-filename=\"448-scaled-1200x900.jpg\" data-slide-type=\"image\"><img src=\"https:\/\/www.victoria-mueller.de\/wp3\/wp-content\/uploads\/2019\/11\/448-scaled-1200x900.jpg\" height=\"900\" width=\"1200\" alt=\"\" class=\"slider-113 slide-328 msDefaultImage\" title=\"448\" \/><\/li>\n                <li style=\"display: none; width: 100%;\" class=\"slide-355 ms-image \" aria-roledescription=\"slide\" data-date=\"2020-04-10 08:57:52\" data-filename=\"viktoria-0089-1200x900.jpg\" data-slide-type=\"image\"><img src=\"https:\/\/www.victoria-mueller.de\/wp3\/wp-content\/uploads\/2020\/04\/viktoria-0089-1200x900.jpg\" height=\"900\" width=\"1200\" alt=\"\" class=\"slider-113 slide-355 msDefaultImage\" title=\"viktoria-0089\" \/><div class=\"caption-wrap\"><div class=\"caption\"> by Steffen D\u00fcvel (www.steffenduevel.de)++<\/div><\/div><\/li>\n                <li style=\"display: none; width: 100%;\" class=\"slide-356 ms-image \" aria-roledescription=\"slide\" data-date=\"2020-04-10 08:57:52\" data-filename=\"musicalgala0903201125-1064x798.jpg\" data-slide-type=\"image\"><img src=\"https:\/\/www.victoria-mueller.de\/wp3\/wp-content\/uploads\/2020\/04\/musicalgala0903201125-1064x798.jpg\" height=\"900\" width=\"1200\" alt=\"\" class=\"slider-113 slide-356 msDefaultImage\" title=\"musicalgala0903201125\" \/><\/li>\n                <li style=\"display: none; width: 100%;\" class=\"slide-358 ms-image \" aria-roledescription=\"slide\" data-date=\"2020-04-10 08:57:53\" data-filename=\"h13-0278-1200x900.jpg\" data-slide-type=\"image\"><img src=\"https:\/\/www.victoria-mueller.de\/wp3\/wp-content\/uploads\/2020\/04\/h13-0278-1200x900.jpg\" height=\"900\" width=\"1200\" alt=\"\" class=\"slider-113 slide-358 msDefaultImage\" title=\"h13-0278\" \/><\/li>\n                <li style=\"display: none; width: 100%;\" class=\"slide-210 ms-image \" aria-roledescription=\"slide\" data-date=\"2019-11-22 19:14:41\" data-filename=\"img_5051-1066x800.jpg\" data-slide-type=\"image\"><img src=\"https:\/\/www.victoria-mueller.de\/wp3\/wp-content\/uploads\/2019\/11\/img_5051-1066x800.jpg\" height=\"900\" width=\"1200\" alt=\"\" class=\"slider-113 slide-210 msDefaultImage\" title=\"img_5051\" \/><\/li>\n                <li style=\"display: none; width: 100%;\" class=\"slide-211 ms-image \" aria-roledescription=\"slide\" data-date=\"2019-11-22 19:14:42\" data-filename=\"img_4903-1066x800.jpg\" data-slide-type=\"image\"><img src=\"https:\/\/www.victoria-mueller.de\/wp3\/wp-content\/uploads\/2019\/11\/img_4903-1066x800.jpg\" height=\"900\" width=\"1200\" alt=\"\" class=\"slider-113 slide-211 msDefaultImage\" title=\"img_4903\" \/><\/li>\n                <li style=\"display: none; width: 100%;\" class=\"slide-417 ms-image \" aria-roledescription=\"slide\" data-date=\"2020-05-03 21:28:11\" data-filename=\"IMG_3365-1200x900.jpg\" data-slide-type=\"image\"><img src=\"https:\/\/www.victoria-mueller.de\/wp3\/wp-content\/uploads\/2020\/05\/IMG_3365-1200x900.jpg\" height=\"900\" width=\"1200\" alt=\"\" class=\"slider-113 slide-417 msDefaultImage\" title=\"IMG_3365\" \/><\/li>\n                <li style=\"display: none; width: 100%;\" class=\"slide-418 ms-image \" aria-roledescription=\"slide\" data-date=\"2020-05-03 21:28:16\" data-filename=\"Loriot144-scaled-1200x900.jpg\" data-slide-type=\"image\"><img src=\"https:\/\/www.victoria-mueller.de\/wp3\/wp-content\/uploads\/2020\/05\/Loriot144-scaled-1200x900.jpg\" height=\"900\" width=\"1200\" alt=\"\" class=\"slider-113 slide-418 msDefaultImage\" title=\"Loriot144\" \/><\/li>\n                <li style=\"display: none; width: 100%;\" class=\"slide-422 ms-image \" aria-roledescription=\"slide\" data-date=\"2020-05-03 21:35:16\" data-filename=\"Bild-siechenr-1200x900.png\" data-slide-type=\"image\"><img src=\"https:\/\/www.victoria-mueller.de\/wp3\/wp-content\/uploads\/2020\/05\/Bild-siechenr-1200x900.png\" height=\"900\" width=\"1200\" alt=\"\" class=\"slider-113 slide-422 msDefaultImage\" title=\"Bild siechenr\" \/><\/li>\n                <li style=\"display: none; width: 100%;\" class=\"slide-437 ms-image \" aria-roledescription=\"slide\" data-date=\"2020-05-03 21:41:04\" data-filename=\"NDM-3.jpg\" data-slide-type=\"image\"><img src=\"https:\/\/www.victoria-mueller.de\/wp3\/wp-content\/uploads\/2020\/05\/NDM-3.jpg\" height=\"900\" width=\"1200\" alt=\"\" class=\"slider-113 slide-437 msDefaultImage\" title=\"NDM (3)\" \/><\/li>\n                <li style=\"display: none; width: 100%;\" class=\"slide-438 ms-image \" aria-roledescription=\"slide\" data-date=\"2020-05-03 21:41:12\" data-filename=\"H13-0057-1200x900.jpg\" data-slide-type=\"image\"><img src=\"https:\/\/www.victoria-mueller.de\/wp3\/wp-content\/uploads\/2020\/05\/H13-0057-1200x900.jpg\" height=\"900\" width=\"1200\" alt=\"\" class=\"slider-113 slide-438 msDefaultImage\" title=\"H13-0057\" \/><\/li>\n                <li style=\"display: none; width: 100%;\" class=\"slide-439 ms-image \" aria-roledescription=\"slide\" data-date=\"2020-05-03 21:41:21\" data-filename=\"IMG_4661-1200x900.jpg\" data-slide-type=\"image\"><img src=\"https:\/\/www.victoria-mueller.de\/wp3\/wp-content\/uploads\/2020\/05\/IMG_4661-1200x900.jpg\" height=\"900\" width=\"1200\" alt=\"\" class=\"slider-113 slide-439 msDefaultImage\" title=\"IMG_4661\" \/><\/li>\n                <li style=\"display: none; width: 100%;\" class=\"slide-440 ms-image \" aria-roledescription=\"slide\" data-date=\"2020-05-03 21:41:30\" data-filename=\"IMG_0627-810x607.jpg\" data-slide-type=\"image\"><img src=\"https:\/\/www.victoria-mueller.de\/wp3\/wp-content\/uploads\/2020\/05\/IMG_0627-810x607.jpg\" height=\"900\" width=\"1200\" alt=\"\" class=\"slider-113 slide-440 msDefaultImage\" title=\"IMG_0627\" \/><\/li>\n                <li style=\"display: none; width: 100%;\" class=\"slide-441 ms-image \" aria-roledescription=\"slide\" data-date=\"2020-05-03 21:41:38\" data-filename=\"IMG_5633-scaled-1200x900.jpg\" data-slide-type=\"image\"><img src=\"https:\/\/www.victoria-mueller.de\/wp3\/wp-content\/uploads\/2020\/05\/IMG_5633-scaled-1200x900.jpg\" height=\"900\" width=\"1200\" alt=\"\" class=\"slider-113 slide-441 msDefaultImage\" title=\"IMG_5633\" \/><\/li>\n                <li style=\"display: none; width: 100%;\" class=\"slide-443 ms-image \" aria-roledescription=\"slide\" data-date=\"2020-05-03 21:41:56\" data-filename=\"NDM-6-540x405.jpg\" data-slide-type=\"image\"><img src=\"https:\/\/www.victoria-mueller.de\/wp3\/wp-content\/uploads\/2020\/05\/NDM-6-540x405.jpg\" height=\"900\" width=\"1200\" alt=\"\" class=\"slider-113 slide-443 msDefaultImage\" title=\"NDM (6)\" \/><\/li>\n                <li style=\"display: none; width: 100%;\" class=\"slide-444 ms-image \" aria-roledescription=\"slide\" data-date=\"2020-05-03 21:42:06\" data-filename=\"NDM-5.jpg\" data-slide-type=\"image\"><img src=\"https:\/\/www.victoria-mueller.de\/wp3\/wp-content\/uploads\/2020\/05\/NDM-5.jpg\" height=\"900\" width=\"1200\" alt=\"\" class=\"slider-113 slide-444 msDefaultImage\" title=\"NDM (5)\" \/><\/li>\n                <li style=\"display: none; width: 100%;\" class=\"slide-445 ms-image \" aria-roledescription=\"slide\" data-date=\"2020-05-03 21:42:20\" data-filename=\"NDM-326-scaled-1200x900.jpg\" data-slide-type=\"image\"><img src=\"https:\/\/www.victoria-mueller.de\/wp3\/wp-content\/uploads\/2020\/05\/NDM-326-scaled-1200x900.jpg\" height=\"900\" width=\"1200\" alt=\"\" class=\"slider-113 slide-445 msDefaultImage\" title=\"NDM (326)\" \/><\/li>\n                <li style=\"display: none; width: 100%;\" class=\"slide-446 ms-image \" aria-roledescription=\"slide\" data-date=\"2020-05-03 21:42:34\" data-filename=\"NDM-321-scaled-1200x900.jpg\" data-slide-type=\"image\"><img src=\"https:\/\/www.victoria-mueller.de\/wp3\/wp-content\/uploads\/2020\/05\/NDM-321-scaled-1200x900.jpg\" height=\"900\" width=\"1200\" alt=\"\" class=\"slider-113 slide-446 msDefaultImage\" title=\"NDM (321)\" \/><\/li>\n                <li style=\"display: none; width: 100%;\" class=\"slide-448 ms-image \" aria-roledescription=\"slide\" data-date=\"2020-05-03 21:43:21\" data-filename=\"P1170674-scaled-1200x900.jpg\" data-slide-type=\"image\"><img src=\"https:\/\/www.victoria-mueller.de\/wp3\/wp-content\/uploads\/2020\/05\/P1170674-scaled-1200x900.jpg\" height=\"900\" width=\"1200\" alt=\"\" class=\"slider-113 slide-448 msDefaultImage\" title=\"P1170674\" \/><\/li>\n                <li style=\"display: none; width: 100%;\" class=\"slide-461 ms-image \" aria-roledescription=\"slide\" data-date=\"2020-05-03 21:50:50\" data-filename=\"H13-0177-1181x885.jpg\" data-slide-type=\"image\"><img src=\"https:\/\/www.victoria-mueller.de\/wp3\/wp-content\/uploads\/2020\/05\/H13-0177-1181x885.jpg\" height=\"900\" width=\"1200\" alt=\"\" class=\"slider-113 slide-461 msDefaultImage\" title=\"H13-0177\" \/><\/li>\n                <li style=\"display: none; width: 100%;\" class=\"slide-462 ms-image \" aria-roledescription=\"slide\" data-date=\"2020-05-03 21:51:11\" data-filename=\"ABC_1607-scaled-1200x900.jpg\" data-slide-type=\"image\"><img src=\"https:\/\/www.victoria-mueller.de\/wp3\/wp-content\/uploads\/2020\/05\/ABC_1607-scaled-1200x900.jpg\" height=\"900\" width=\"1200\" alt=\"\" class=\"slider-113 slide-462 msDefaultImage\" title=\"ABC_1607\" \/><\/li>\n                <li style=\"display: none; width: 100%;\" class=\"slide-463 ms-image \" aria-roledescription=\"slide\" data-date=\"2020-05-03 21:51:25\" data-filename=\"Alte-Bilder-Grapefruit-015-scaled-1200x900.jpg\" data-slide-type=\"image\"><img src=\"https:\/\/www.victoria-mueller.de\/wp3\/wp-content\/uploads\/2020\/05\/Alte-Bilder-Grapefruit-015-scaled-1200x900.jpg\" height=\"900\" width=\"1200\" alt=\"\" class=\"slider-113 slide-463 msDefaultImage\" title=\"Alte Bilder Grapefruit 015\" \/><\/li>\n                <li style=\"display: none; width: 100%;\" class=\"slide-464 ms-image \" aria-roledescription=\"slide\" data-date=\"2020-05-03 21:51:33\" data-filename=\"IMG_0054-1200x900.jpg\" data-slide-type=\"image\"><img src=\"https:\/\/www.victoria-mueller.de\/wp3\/wp-content\/uploads\/2020\/05\/IMG_0054-1200x900.jpg\" height=\"900\" width=\"1200\" alt=\"\" class=\"slider-113 slide-464 msDefaultImage\" title=\"IMG_0054\" \/><\/li>\n                <li style=\"display: none; width: 100%;\" class=\"slide-465 ms-image \" aria-roledescription=\"slide\" data-date=\"2020-05-03 21:51:41\" data-filename=\"IMG_1466-480x360.jpg\" data-slide-type=\"image\"><img src=\"https:\/\/www.victoria-mueller.de\/wp3\/wp-content\/uploads\/2020\/05\/IMG_1466-480x360.jpg\" height=\"900\" width=\"1200\" alt=\"\" class=\"slider-113 slide-465 msDefaultImage\" title=\"IMG_1466\" \/><\/li>\n                <li style=\"display: none; width: 100%;\" class=\"slide-466 ms-image \" aria-roledescription=\"slide\" data-date=\"2020-05-03 21:51:49\" data-filename=\"IMG_0178-scaled-1200x900.jpg\" data-slide-type=\"image\"><img src=\"https:\/\/www.victoria-mueller.de\/wp3\/wp-content\/uploads\/2020\/05\/IMG_0178-scaled-1200x900.jpg\" height=\"900\" width=\"1200\" alt=\"\" class=\"slider-113 slide-466 msDefaultImage\" title=\"IMG_0178\" \/><\/li>\n                <li style=\"display: none; width: 100%;\" class=\"slide-467 ms-image \" aria-roledescription=\"slide\" data-date=\"2020-05-03 21:51:57\" data-filename=\"IMG_6416-1200x900.jpg\" data-slide-type=\"image\"><img src=\"https:\/\/www.victoria-mueller.de\/wp3\/wp-content\/uploads\/2020\/05\/IMG_6416-1200x900.jpg\" height=\"900\" width=\"1200\" alt=\"\" class=\"slider-113 slide-467 msDefaultImage\" title=\"IMG_6416\" \/><\/li>\n                <li style=\"display: none; width: 100%;\" class=\"slide-468 ms-image \" aria-roledescription=\"slide\" data-date=\"2020-05-03 21:52:09\" data-filename=\"IMG_5729-1200x900.jpg\" data-slide-type=\"image\"><img src=\"https:\/\/www.victoria-mueller.de\/wp3\/wp-content\/uploads\/2020\/05\/IMG_5729-1200x900.jpg\" height=\"900\" width=\"1200\" alt=\"\" class=\"slider-113 slide-468 msDefaultImage\" title=\"IMG_5729\" \/><\/li>\n                <li style=\"display: none; width: 100%;\" class=\"slide-469 ms-image \" aria-roledescription=\"slide\" data-date=\"2020-05-03 21:52:16\" data-filename=\"IMG_4226-scaled-1200x900.jpg\" data-slide-type=\"image\"><img src=\"https:\/\/www.victoria-mueller.de\/wp3\/wp-content\/uploads\/2020\/05\/IMG_4226-scaled-1200x900.jpg\" height=\"900\" width=\"1200\" alt=\"\" class=\"slider-113 slide-469 msDefaultImage\" title=\"IMG_4226\" \/><\/li>\n                <li style=\"display: none; width: 100%;\" class=\"slide-471 ms-image \" aria-roledescription=\"slide\" data-date=\"2020-05-03 21:52:34\" data-filename=\"IMG_7719-scaled-1200x900.jpg\" data-slide-type=\"image\"><img src=\"https:\/\/www.victoria-mueller.de\/wp3\/wp-content\/uploads\/2020\/05\/IMG_7719-scaled-1200x900.jpg\" height=\"900\" width=\"1200\" alt=\"\" class=\"slider-113 slide-471 msDefaultImage\" title=\"IMG_7719\" \/><\/li>\n                <li style=\"display: none; width: 100%;\" class=\"slide-472 ms-image \" aria-roledescription=\"slide\" data-date=\"2020-05-03 21:52:42\" data-filename=\"IMG_0162-scaled-1200x900.jpg\" data-slide-type=\"image\"><img src=\"https:\/\/www.victoria-mueller.de\/wp3\/wp-content\/uploads\/2020\/05\/IMG_0162-scaled-1200x900.jpg\" height=\"900\" width=\"1200\" alt=\"\" class=\"slider-113 slide-472 msDefaultImage\" title=\"IMG_0162\" \/><\/li>\n                <li style=\"display: none; width: 100%;\" class=\"slide-473 ms-image \" aria-roledescription=\"slide\" data-date=\"2020-05-03 21:52:50\" data-filename=\"P1150936-scaled-1200x900.jpg\" data-slide-type=\"image\"><img src=\"https:\/\/www.victoria-mueller.de\/wp3\/wp-content\/uploads\/2020\/05\/P1150936-scaled-1200x900.jpg\" height=\"900\" width=\"1200\" alt=\"\" class=\"slider-113 slide-473 msDefaultImage\" title=\"P1150936\" \/><\/li>\n                <li style=\"display: none; width: 100%;\" class=\"slide-481 ms-image \" aria-roledescription=\"slide\" data-date=\"2020-05-03 22:14:48\" data-filename=\"Bild-1.0-scaled-1200x900.jpg\" data-slide-type=\"image\"><img src=\"https:\/\/www.victoria-mueller.de\/wp3\/wp-content\/uploads\/2020\/05\/Bild-1.0-scaled-1200x900.jpg\" height=\"900\" width=\"1200\" alt=\"\" class=\"slider-113 slide-481 msDefaultImage\" title=\"Bild 1.0\" \/><\/li>\n                <li style=\"display: none; width: 100%;\" class=\"slide-482 ms-image \" aria-roledescription=\"slide\" data-date=\"2020-05-03 22:15:05\" data-filename=\"bild-1200x900.jpg\" data-slide-type=\"image\"><img src=\"https:\/\/www.victoria-mueller.de\/wp3\/wp-content\/uploads\/2020\/05\/bild-1200x900.jpg\" height=\"900\" width=\"1200\" alt=\"\" class=\"slider-113 slide-482 msDefaultImage\" title=\"bild\" \/><\/li>\n                <li style=\"display: none; width: 100%;\" class=\"slide-483 ms-image \" aria-roledescription=\"slide\" data-date=\"2020-05-03 22:15:20\" data-filename=\"IMG_6840-1200x900.jpg\" data-slide-type=\"image\"><img src=\"https:\/\/www.victoria-mueller.de\/wp3\/wp-content\/uploads\/2020\/05\/IMG_6840-1200x900.jpg\" height=\"900\" width=\"1200\" alt=\"\" class=\"slider-113 slide-483 msDefaultImage\" title=\"IMG_6840\" \/><\/li>\n            <\/ul>\n        <\/div>\n        \n    <\/div>\n<\/div>\n<p>&nbsp;<\/p>\n<p><strong>\u00dcber mich<\/strong><\/p>\n<p>Ich liebe es, wenn alle Augen auf mich gerichtet sind, die Scheinwerfer haben nur ein Ziel, und das Adrenalin steigt von Kopf bis Fuss.<\/p>\n<p>Es begeistert mich, wenn das Publikum meine Darbietung annimmt und meine Rolle so versteht, wie ich sie zum Ausdruck bringen wollte. Es ist berauschend, die Zuschauer zum Lachen, Weinen oder Gr\u00fcbeln bewegen zu k\u00f6nnen.<\/p>\n<p>Von unerwarteten Reaktionen \u00fcberrascht zu werden, geh\u00f6rt zu den aufregendsten Seiten am Schauspiel. Ich freue mich t\u00e4glich auf neue Herausforderungen. Ich m\u00f6chte so tanzen, dass man den Atem anh\u00e4lt, so singen, dass alle verstummen, und mit meinem Schauspiel m\u00f6chte ich jeden Menschen erreichen.<\/p>\n<p><span style=\"display: inline !important; float: none; background-color: #ffffff; color: #333333; cursor: text; font-family: Georgia,'Times New Roman','Bitstream Charter',Times,serif; font-size: 16px; font-style: normal; font-variant: normal; font-weight: 400; letter-spacing: normal; orphans: 2; text-align: left; text-decoration: none; text-indent: 0px; text-transform: none; -webkit-text-stroke-width: 0px; white-space: normal; word-spacing: 0px;\"><div id=\"metaslider-id-62\" style=\"max-width: 700px; margin: 0 auto;\" class=\"ml-slider-3-104-0 metaslider metaslider-nivo metaslider-62 ml-slider has-dots-nav ms-theme-bubble\" role=\"region\" aria-label=\"New Slideshow\" data-height=\"450\" data-width=\"700\">\n    <div id=\"metaslider_container_62\">\n        <div class='slider-wrapper theme-default'><div class='ribbon'><\/div><div id='metaslider_62' class='nivoSlider'><img src=\"https:\/\/www.victoria-mueller.de\/wp3\/wp-content\/uploads\/2019\/11\/viktoria-0019-700x450.jpg\" height=\"450\" width=\"700\" data-caption=\" by Steffen D&uuml;vel (www.steffenduevel.de)\" title=\"viktoria-0019\" alt=\"\" class=\"slider-62 slide-68 msDefaultImage\" \/><img src=\"https:\/\/www.victoria-mueller.de\/wp3\/wp-content\/uploads\/2020\/05\/Quer1-700x450.png\" height=\"450\" width=\"700\" data-caption=\" by Steffen D&uuml;vel (www.steffenduevel.de)\" title=\"Quer1\" alt=\"\" class=\"slider-62 slide-387 msDefaultImage\" \/><img src=\"https:\/\/www.victoria-mueller.de\/wp3\/wp-content\/uploads\/2019\/11\/juni-2012-10176-2-scaled-700x450.jpg\" height=\"450\" width=\"700\" title=\"juni-2012-10176-2\" alt=\"\" class=\"slider-62 slide-400 msDefaultImage\" \/><a href=\"Foto:Steffen D\u00fcvel\" target=\"_self\"><img src=\"https:\/\/www.victoria-mueller.de\/wp3\/wp-content\/uploads\/2020\/05\/4133-700x450.png\" height=\"450\" width=\"700\" data-caption=\" by Steffen D&uuml;vel (www.steffenduevel.de)\" title=\"4133\" alt=\"\" class=\"slider-62 slide-401 msDefaultImage\" \/><\/a><img src=\"https:\/\/www.victoria-mueller.de\/wp3\/wp-content\/uploads\/2020\/04\/juni-2012-10329-2-scaled-700x450.jpg\" height=\"450\" width=\"700\" title=\"juni-2012-10329-2\" alt=\"\" class=\"slider-62 slide-402 msDefaultImage\" \/><img src=\"https:\/\/www.victoria-mueller.de\/wp3\/wp-content\/uploads\/2019\/11\/stu_2505_bw-scaled-700x450.jpg\" height=\"450\" width=\"700\" title=\"stu_2505_bw\" alt=\"\" class=\"slider-62 slide-404 msDefaultImage\" \/><img src=\"https:\/\/www.victoria-mueller.de\/wp3\/wp-content\/uploads\/2019\/11\/norwegen1023-700x450.jpg\" height=\"450\" width=\"700\" title=\"norwegen1023\" alt=\"\" class=\"slider-62 slide-405 msDefaultImage\" \/><img src=\"https:\/\/www.victoria-mueller.de\/wp3\/wp-content\/uploads\/2019\/11\/b_000024-700x450.jpg\" height=\"450\" width=\"700\" title=\"b_000024\" alt=\"\" class=\"slider-62 slide-406 msDefaultImage\" \/><img src=\"https:\/\/www.victoria-mueller.de\/wp3\/wp-content\/uploads\/2019\/11\/00191-700x450.jpg\" height=\"450\" width=\"700\" title=\"00191\" alt=\"\" class=\"slider-62 slide-407 msDefaultImage\" \/><img src=\"https:\/\/www.victoria-mueller.de\/wp3\/wp-content\/uploads\/2019\/11\/b_000061-1-scaled-700x450.jpg\" height=\"450\" width=\"700\" title=\"b_000061\" alt=\"\" class=\"slider-62 slide-408 msDefaultImage\" \/><\/div><\/div>\n        \n    <\/div>\n<\/div><\/span><\/p>\n","protected":false},"excerpt":{"rendered":"<p>B\u00fchnenbilder Einblick in meine Arbeit &#8222;auf&#8220; und &#8222;hinter&#8220; der B\u00fchne. Bei meiner Arbeit gehen Schauspiel, Gesang und B\u00fchnenpr\u00e4senz Hand in Hand. Egal, ob auf der B\u00fchne von Kreuzfahrtschiffen, im Kindertheater oder auf gro\u00dfer B\u00fchne &#8211; Gro\u00df und Klein lassen sich von mir begeistern! &nbsp; \u00dcber mich Ich liebe es, wenn alle Augen auf mich gerichtet<\/p>\n<div><a class=\"btn-filled btn\" href=\"https:\/\/www.victoria-mueller.de\/wp3\/galerie\/\" title=\"Galerie\">Weiterlesen<\/a><\/div>\n","protected":false},"author":1,"featured_media":0,"parent":0,"menu_order":0,"comment_status":"closed","ping_status":"closed","template":"page-templates\/full-width.php","meta":[],"_links":{"self":[{"href":"https:\/\/www.victoria-mueller.de\/wp3\/wp-json\/wp\/v2\/pages\/78"}],"collection":[{"href":"https:\/\/www.victoria-mueller.de\/wp3\/wp-json\/wp\/v2\/pages"}],"about":[{"href":"https:\/\/www.victoria-mueller.de\/wp3\/wp-json\/wp\/v2\/types\/page"}],"author":[{"embeddable":true,"href":"https:\/\/www.victoria-mueller.de\/wp3\/wp-json\/wp\/v2\/users\/1"}],"replies":[{"embeddable":true,"href":"https:\/\/www.victoria-mueller.de\/wp3\/wp-json\/wp\/v2\/comments?post=78"}],"version-history":[{"count":16,"href":"https:\/\/www.victoria-mueller.de\/wp3\/wp-json\/wp\/v2\/pages\/78\/revisions"}],"predecessor-version":[{"id":342,"href":"https:\/\/www.victoria-mueller.de\/wp3\/wp-json\/wp\/v2\/pages\/78\/revisions\/342"}],"wp:attachment":[{"href":"https:\/\/www.victoria-mueller.de\/wp3\/wp-json\/wp\/v2\/media?parent=78"}],"curies":[{"name":"wp","href":"https:\/\/api.w.org\/{rel}","templated":true}]}}